{"id":29,"date":"2018-12-01T21:45:52","date_gmt":"2018-12-01T21:45:52","guid":{"rendered":"http:\/\/shintaido-koeln.de\/?page_id=29"},"modified":"2026-03-06T17:40:04","modified_gmt":"2026-03-06T17:40:04","slug":"training","status":"publish","type":"page","link":"https:\/\/shintaido-koeln.de\/?page_id=29","title":{"rendered":"Training"},"content":{"rendered":"<p>Wo kann ich trainieren?<\/p>\n<p>Es gibt einen w\u00f6chentlichen Kurs in K\u00f6ln.<\/p>\n<p>Der Kurs ist f\u00fcr alle Niveaus geeignet. Einfach vorbeikommen und ein Schnupper-Training machen!<\/p>\n<p>Kleidung: weite, bequeme Kleidung in wei\u00dfer oder heller Farbe<br \/>Der Profi trainiert in einem wei\u00dfen Karate-Anzug.<br \/>Am besten barfu\u00df trainieren.<\/p>\n<p>\u00a0<\/p>\n\n\n<figure class=\"wp-block-table\"><table><tbody><tr><td>K\u00f6ln<\/td><td><\/td><\/tr><tr><td><br>Montags <br>von 20:00 bis 22:00 Uhr<\/td><td><br>Theodor-Heuss-Realschule, <br>K\u00f6ln S\u00fclz<\/td><\/tr><tr><td><br><\/td><td><\/td><\/tr><tr><td><\/td><td><\/td><\/tr><\/tbody><\/table><\/figure>\n","protected":false},"excerpt":{"rendered":"<p>Wo kann ich trainieren? Es gibt einen w\u00f6chentlichen Kurs in K\u00f6ln. Der Kurs ist f\u00fcr alle Niveaus geeignet. Einfach vorbeikommen und ein Schnupper-Training machen! Kleidung: weite, bequeme Kleidung in wei\u00dfer oder heller FarbeDer Profi trainiert in einem wei\u00dfen Karate-Anzug.Am besten barfu\u00df trainieren. \u00a0 K\u00f6ln Montags von 20:00 bis 22:00 Uhr Theodor-Heuss-Realschule, K\u00f6ln S\u00fclz<\/p>\n","protected":false},"author":1,"featured_media":0,"parent":25,"menu_order":0,"comment_status":"open","ping_status":"closed","template":"","meta":{"footnotes":""},"class_list":["post-29","page","type-page","status-publish","hentry"],"_links":{"self":[{"href":"https:\/\/shintaido-koeln.de\/index.php?rest_route=\/wp\/v2\/pages\/29","targetHints":{"allow":["GET"]}}],"collection":[{"href":"https:\/\/shintaido-koeln.de\/index.php?rest_route=\/wp\/v2\/pages"}],"about":[{"href":"https:\/\/shintaido-koeln.de\/index.php?rest_route=\/wp\/v2\/types\/page"}],"author":[{"embeddable":true,"href":"https:\/\/shintaido-koeln.de\/index.php?rest_route=\/wp\/v2\/users\/1"}],"replies":[{"embeddable":true,"href":"https:\/\/shintaido-koeln.de\/index.php?rest_route=%2Fwp%2Fv2%2Fcomments&post=29"}],"version-history":[{"count":5,"href":"https:\/\/shintaido-koeln.de\/index.php?rest_route=\/wp\/v2\/pages\/29\/revisions"}],"predecessor-version":[{"id":96,"href":"https:\/\/shintaido-koeln.de\/index.php?rest_route=\/wp\/v2\/pages\/29\/revisions\/96"}],"up":[{"embeddable":true,"href":"https:\/\/shintaido-koeln.de\/index.php?rest_route=\/wp\/v2\/pages\/25"}],"wp:attachment":[{"href":"https:\/\/shintaido-koeln.de\/index.php?rest_route=%2Fwp%2Fv2%2Fmedia&parent=29"}],"curies":[{"name":"wp","href":"https:\/\/api.w.org\/{rel}","templated":true}]}}