{"id":25,"date":"2018-12-01T21:47:06","date_gmt":"2018-12-01T21:47:06","guid":{"rendered":"http:\/\/shintaido-koeln.de\/?page_id=25"},"modified":"2020-09-01T20:17:35","modified_gmt":"2020-09-01T20:17:35","slug":"ueber-shintaido","status":"publish","type":"page","link":"https:\/\/shintaido-koeln.de\/","title":{"rendered":"\u00dcber Shintaido"},"content":{"rendered":"<p>Shintaido ist eine moderne Kampfkunst entstanden in den 1960ern in Japan. Damals suchte eine Gruppe von Kampf- und anderen K\u00fcnstlern nach neuen Wegen, um das was man aus den Kampfk\u00fcnsten lernen kann, f\u00fcr heutige Menschen vermittelbar zu machen. Urspr\u00fcnglich ausgehend vom Shotokai-Karate, einer Karateform, die Einfl\u00fcsse von Aikido\/Shinwataido hat, wurde unter F\u00fchrung von Haruyoki Aoki eine neue Kampfkunst entwickelt, die den Namen &#8222;neuer K\u00f6rper-Weg&#8220; erhielt.<\/p>\n\n\n<figure class=\"wp-block-image is-resized\"><img loading=\"lazy\" decoding=\"async\" src=\"http:\/\/shintaido-koeln.de\/wp-content\/uploads\/2018\/07\/Spectacle-1_Moment30.jpg\" alt=\"\" class=\"wp-image-6\" width=\"849\" height=\"477\" srcset=\"https:\/\/shintaido-koeln.de\/wp-content\/uploads\/2018\/07\/Spectacle-1_Moment30.jpg 960w, https:\/\/shintaido-koeln.de\/wp-content\/uploads\/2018\/07\/Spectacle-1_Moment30-300x169.jpg 300w, https:\/\/shintaido-koeln.de\/wp-content\/uploads\/2018\/07\/Spectacle-1_Moment30-768x432.jpg 768w\" sizes=\"auto, (max-width: 706px) 89vw, (max-width: 767px) 82vw, 740px\" \/><figcaption>Shintaido-Bojutsu<\/figcaption><\/figure>\n\n\n\n<p>Nach gut f\u00fcnfzig Jahren hat Shintaido vielseitige Bewegungsformen entwickelt. Inzwischen gibt es neben dem Basis-Shintaido drei weitere Str\u00e4nge, in denen unterschiedliche Aspekte in der jeweiligen Disziplin ge\u00fcbt werden k\u00f6nnen.<\/p>\n\n\n\n<p>Shintaido-Karate ist eng verwandt mit dem Shotokai-Karate und verk\u00f6rpert die Karateform im Shintaido.<\/p>\n\n\n\n<p>Shintaido-Bojutsu ist der Stockkampf im Shintaido und wird mit dem Bo, einem ca. 1,80 m langen Hartholzstock, und dem kleineren Jo, dem traditionellen Wanderstab der M\u00f6nche, ausgef\u00fchrt.<\/p>\n\n\n\n<figure class=\"wp-block-gallery columns-3 is-cropped wp-block-gallery-1 is-layout-flex wp-block-gallery-is-layout-flex\"><ul class=\"blocks-gallery-grid\"><li class=\"blocks-gallery-item\"><figure><img loading=\"lazy\" decoding=\"async\" width=\"1024\" height=\"768\" src=\"http:\/\/shintaido-koeln.de\/wp-content\/uploads\/2019\/03\/IMG_2743-1024x768.jpg\" alt=\"\" data-id=\"79\" data-link=\"http:\/\/shintaido-koeln.de\/?attachment_id=79\" class=\"wp-image-79\" srcset=\"https:\/\/shintaido-koeln.de\/wp-content\/uploads\/2019\/03\/IMG_2743-1024x768.jpg 1024w, https:\/\/shintaido-koeln.de\/wp-content\/uploads\/2019\/03\/IMG_2743-300x225.jpg 300w, https:\/\/shintaido-koeln.de\/wp-content\/uploads\/2019\/03\/IMG_2743-768x576.jpg 768w\" sizes=\"auto, (max-width: 706px) 89vw, (max-width: 767px) 82vw, 740px\" \/><\/figure><\/li><li class=\"blocks-gallery-item\"><figure><img loading=\"lazy\" decoding=\"async\" width=\"1024\" height=\"768\" src=\"http:\/\/shintaido-koeln.de\/wp-content\/uploads\/2019\/03\/IMG_2744-1024x768.jpg\" alt=\"\" data-id=\"80\" data-link=\"http:\/\/shintaido-koeln.de\/?attachment_id=80\" class=\"wp-image-80\" srcset=\"https:\/\/shintaido-koeln.de\/wp-content\/uploads\/2019\/03\/IMG_2744-1024x768.jpg 1024w, https:\/\/shintaido-koeln.de\/wp-content\/uploads\/2019\/03\/IMG_2744-300x225.jpg 300w, https:\/\/shintaido-koeln.de\/wp-content\/uploads\/2019\/03\/IMG_2744-768x576.jpg 768w\" sizes=\"auto, (max-width: 706px) 89vw, (max-width: 767px) 82vw, 740px\" \/><\/figure><\/li><li class=\"blocks-gallery-item\"><figure><img loading=\"lazy\" decoding=\"async\" width=\"1024\" height=\"768\" src=\"http:\/\/shintaido-koeln.de\/wp-content\/uploads\/2019\/03\/IMG_2746-1024x768.jpg\" alt=\"\" data-id=\"81\" data-link=\"http:\/\/shintaido-koeln.de\/?attachment_id=81\" class=\"wp-image-81\" srcset=\"https:\/\/shintaido-koeln.de\/wp-content\/uploads\/2019\/03\/IMG_2746-1024x768.jpg 1024w, https:\/\/shintaido-koeln.de\/wp-content\/uploads\/2019\/03\/IMG_2746-300x225.jpg 300w, https:\/\/shintaido-koeln.de\/wp-content\/uploads\/2019\/03\/IMG_2746-768x576.jpg 768w\" sizes=\"auto, (max-width: 706px) 89vw, (max-width: 767px) 82vw, 740px\" \/><\/figure><\/li><li class=\"blocks-gallery-item\"><figure><img loading=\"lazy\" decoding=\"async\" width=\"1024\" height=\"768\" src=\"http:\/\/shintaido-koeln.de\/wp-content\/uploads\/2019\/03\/IMG_2747-1024x768.jpg\" alt=\"\" data-id=\"82\" data-link=\"http:\/\/shintaido-koeln.de\/?attachment_id=82\" class=\"wp-image-82\" srcset=\"https:\/\/shintaido-koeln.de\/wp-content\/uploads\/2019\/03\/IMG_2747-1024x768.jpg 1024w, https:\/\/shintaido-koeln.de\/wp-content\/uploads\/2019\/03\/IMG_2747-300x225.jpg 300w, https:\/\/shintaido-koeln.de\/wp-content\/uploads\/2019\/03\/IMG_2747-768x576.jpg 768w\" sizes=\"auto, (max-width: 706px) 89vw, (max-width: 767px) 82vw, 740px\" \/><\/figure><\/li><li class=\"blocks-gallery-item\"><figure><img loading=\"lazy\" decoding=\"async\" width=\"1024\" height=\"768\" src=\"http:\/\/shintaido-koeln.de\/wp-content\/uploads\/2019\/03\/IMG_2748-1024x768.jpg\" alt=\"\" data-id=\"83\" data-link=\"http:\/\/shintaido-koeln.de\/?attachment_id=83\" class=\"wp-image-83\" srcset=\"https:\/\/shintaido-koeln.de\/wp-content\/uploads\/2019\/03\/IMG_2748-1024x768.jpg 1024w, https:\/\/shintaido-koeln.de\/wp-content\/uploads\/2019\/03\/IMG_2748-300x225.jpg 300w, https:\/\/shintaido-koeln.de\/wp-content\/uploads\/2019\/03\/IMG_2748-768x576.jpg 768w\" sizes=\"auto, (max-width: 706px) 89vw, (max-width: 767px) 82vw, 740px\" \/><\/figure><\/li><li class=\"blocks-gallery-item\"><figure><img loading=\"lazy\" decoding=\"async\" width=\"1024\" height=\"768\" src=\"http:\/\/shintaido-koeln.de\/wp-content\/uploads\/2019\/03\/IMG_2749-1024x768.jpg\" alt=\"\" data-id=\"84\" data-link=\"http:\/\/shintaido-koeln.de\/?attachment_id=84\" class=\"wp-image-84\" srcset=\"https:\/\/shintaido-koeln.de\/wp-content\/uploads\/2019\/03\/IMG_2749-1024x768.jpg 1024w, https:\/\/shintaido-koeln.de\/wp-content\/uploads\/2019\/03\/IMG_2749-300x225.jpg 300w, https:\/\/shintaido-koeln.de\/wp-content\/uploads\/2019\/03\/IMG_2749-768x576.jpg 768w\" sizes=\"auto, (max-width: 706px) 89vw, (max-width: 767px) 82vw, 740px\" \/><\/figure><\/li><li class=\"blocks-gallery-item\"><figure><img loading=\"lazy\" decoding=\"async\" width=\"1024\" height=\"768\" src=\"http:\/\/shintaido-koeln.de\/wp-content\/uploads\/2019\/03\/IMG_2751-1024x768.jpg\" alt=\"\" data-id=\"85\" data-link=\"http:\/\/shintaido-koeln.de\/?attachment_id=85\" class=\"wp-image-85\" srcset=\"https:\/\/shintaido-koeln.de\/wp-content\/uploads\/2019\/03\/IMG_2751-1024x768.jpg 1024w, https:\/\/shintaido-koeln.de\/wp-content\/uploads\/2019\/03\/IMG_2751-300x225.jpg 300w, https:\/\/shintaido-koeln.de\/wp-content\/uploads\/2019\/03\/IMG_2751-768x576.jpg 768w\" sizes=\"auto, (max-width: 706px) 89vw, (max-width: 767px) 82vw, 740px\" \/><\/figure><\/li><li class=\"blocks-gallery-item\"><figure><img loading=\"lazy\" decoding=\"async\" width=\"1024\" height=\"768\" src=\"http:\/\/shintaido-koeln.de\/wp-content\/uploads\/2019\/03\/IMG_2735-1024x768.jpg\" alt=\"\" data-id=\"86\" data-link=\"http:\/\/shintaido-koeln.de\/?attachment_id=86\" class=\"wp-image-86\" srcset=\"https:\/\/shintaido-koeln.de\/wp-content\/uploads\/2019\/03\/IMG_2735-1024x768.jpg 1024w, https:\/\/shintaido-koeln.de\/wp-content\/uploads\/2019\/03\/IMG_2735-300x225.jpg 300w, https:\/\/shintaido-koeln.de\/wp-content\/uploads\/2019\/03\/IMG_2735-768x576.jpg 768w\" sizes=\"auto, (max-width: 706px) 89vw, (max-width: 767px) 82vw, 740px\" \/><\/figure><\/li><li class=\"blocks-gallery-item\"><figure><img loading=\"lazy\" decoding=\"async\" width=\"1024\" height=\"768\" src=\"http:\/\/shintaido-koeln.de\/wp-content\/uploads\/2019\/03\/IMG_2740-1024x768.jpg\" alt=\"\" data-id=\"87\" data-link=\"http:\/\/shintaido-koeln.de\/?attachment_id=87\" class=\"wp-image-87\" srcset=\"https:\/\/shintaido-koeln.de\/wp-content\/uploads\/2019\/03\/IMG_2740-1024x768.jpg 1024w, https:\/\/shintaido-koeln.de\/wp-content\/uploads\/2019\/03\/IMG_2740-300x225.jpg 300w, https:\/\/shintaido-koeln.de\/wp-content\/uploads\/2019\/03\/IMG_2740-768x576.jpg 768w\" sizes=\"auto, (max-width: 706px) 89vw, (max-width: 767px) 82vw, 740px\" \/><\/figure><\/li><li class=\"blocks-gallery-item\"><figure><img loading=\"lazy\" decoding=\"async\" width=\"1024\" height=\"768\" src=\"http:\/\/shintaido-koeln.de\/wp-content\/uploads\/2019\/03\/IMG_2742-1024x768.jpg\" alt=\"\" data-id=\"88\" data-link=\"http:\/\/shintaido-koeln.de\/?attachment_id=88\" class=\"wp-image-88\" srcset=\"https:\/\/shintaido-koeln.de\/wp-content\/uploads\/2019\/03\/IMG_2742-1024x768.jpg 1024w, https:\/\/shintaido-koeln.de\/wp-content\/uploads\/2019\/03\/IMG_2742-300x225.jpg 300w, https:\/\/shintaido-koeln.de\/wp-content\/uploads\/2019\/03\/IMG_2742-768x576.jpg 768w\" sizes=\"auto, (max-width: 706px) 89vw, (max-width: 767px) 82vw, 740px\" \/><\/figure><\/li><\/ul><\/figure>\n\n\n\n<p>Shintaido-Kenjutsu ist die Schwertkampf-Disziplin. Ge\u00fcbt wird mit einen Bokken und in fortgeschrittenen Graden mit dem Shinken.<\/p>\n\n\n\n<figure class=\"wp-block-image\"><img loading=\"lazy\" decoding=\"async\" width=\"663\" height=\"555\" src=\"http:\/\/shintaido-koeln.de\/wp-content\/uploads\/2019\/03\/thumb_IMG_0918_1024_zugeschnitten.png\" alt=\"\" class=\"wp-image-90\" srcset=\"https:\/\/shintaido-koeln.de\/wp-content\/uploads\/2019\/03\/thumb_IMG_0918_1024_zugeschnitten.png 663w, https:\/\/shintaido-koeln.de\/wp-content\/uploads\/2019\/03\/thumb_IMG_0918_1024_zugeschnitten-300x251.png 300w\" sizes=\"auto, (max-width: 663px) 100vw, 663px\" \/><\/figure>\n\n\n\n<p>Basis-Shintaido umfasst Freihand-\u00dcbungen und das Praktizieren mit dem Bokuto, einem geraden, relativ dickem Holzschwert. Diese Praktik verweist auf die Verwurzelung von Shintaido im Schwertkampf.<\/p>\n\n\n\n<figure class=\"wp-block-image\"><img loading=\"lazy\" decoding=\"async\" width=\"1024\" height=\"576\" src=\"http:\/\/shintaido-koeln.de\/wp-content\/uploads\/2018\/07\/bo-vs-free-hands-grg-chl-B_Moment41-1024x576.jpg\" alt=\"\" class=\"wp-image-4\" srcset=\"https:\/\/shintaido-koeln.de\/wp-content\/uploads\/2018\/07\/bo-vs-free-hands-grg-chl-B_Moment41-1024x576.jpg 1024w, https:\/\/shintaido-koeln.de\/wp-content\/uploads\/2018\/07\/bo-vs-free-hands-grg-chl-B_Moment41-300x169.jpg 300w, https:\/\/shintaido-koeln.de\/wp-content\/uploads\/2018\/07\/bo-vs-free-hands-grg-chl-B_Moment41-768x432.jpg 768w, https:\/\/shintaido-koeln.de\/wp-content\/uploads\/2018\/07\/bo-vs-free-hands-grg-chl-B_Moment41.jpg 1280w\" sizes=\"auto, (max-width: 706px) 89vw, (max-width: 767px) 82vw, 740px\" \/><figcaption>Shintaido-Bojutsu<\/figcaption><\/figure>\n\n\n<p><!--EndFragment--><\/p>\n<p><\/p>","protected":false},"excerpt":{"rendered":"<p>Shintaido ist eine moderne Kampfkunst entstanden in den 1960ern in Japan. Damals suchte eine Gruppe von Kampf- und anderen K\u00fcnstlern nach neuen Wegen, um das was man aus den Kampfk\u00fcnsten lernen kann, f\u00fcr heutige Menschen vermittelbar zu machen. Urspr\u00fcnglich ausgehend vom Shotokai-Karate, einer Karateform, die Einfl\u00fcsse von Aikido\/Shinwataido hat, wurde unter F\u00fchrung von Haruyoki Aoki &hellip; <\/p>\n<p class=\"link-more\"><a href=\"https:\/\/shintaido-koeln.de\/\" class=\"more-link\"><span class=\"screen-reader-text\">\u201e\u00dcber Shintaido\u201c<\/span> weiterlesen<\/a><\/p>\n","protected":false},"author":1,"featured_media":0,"parent":0,"menu_order":0,"comment_status":"closed","ping_status":"closed","template":"","meta":{"footnotes":""},"class_list":["post-25","page","type-page","status-publish","hentry"],"_links":{"self":[{"href":"https:\/\/shintaido-koeln.de\/index.php?rest_route=\/wp\/v2\/pages\/25","targetHints":{"allow":["GET"]}}],"collection":[{"href":"https:\/\/shintaido-koeln.de\/index.php?rest_route=\/wp\/v2\/pages"}],"about":[{"href":"https:\/\/shintaido-koeln.de\/index.php?rest_route=\/wp\/v2\/types\/page"}],"author":[{"embeddable":true,"href":"https:\/\/shintaido-koeln.de\/index.php?rest_route=\/wp\/v2\/users\/1"}],"replies":[{"embeddable":true,"href":"https:\/\/shintaido-koeln.de\/index.php?rest_route=%2Fwp%2Fv2%2Fcomments&post=25"}],"version-history":[{"count":5,"href":"https:\/\/shintaido-koeln.de\/index.php?rest_route=\/wp\/v2\/pages\/25\/revisions"}],"predecessor-version":[{"id":109,"href":"https:\/\/shintaido-koeln.de\/index.php?rest_route=\/wp\/v2\/pages\/25\/revisions\/109"}],"wp:attachment":[{"href":"https:\/\/shintaido-koeln.de\/index.php?rest_route=%2Fwp%2Fv2%2Fmedia&parent=25"}],"curies":[{"name":"wp","href":"https:\/\/api.w.org\/{rel}","templated":true}]}}